{"id":19,"date":"2024-08-29T15:24:31","date_gmt":"2024-08-29T15:24:31","guid":{"rendered":"https:\/\/kopingshantverksforening.se\/?page_id=19"},"modified":"2024-09-28T12:03:11","modified_gmt":"2024-09-28T11:03:11","slug":"kontakt-2","status":"publish","type":"page","link":"https:\/\/kopingshantverksforening.se\/index.php\/kontakt-2\/","title":{"rendered":"Kontakt"},"content":{"rendered":"\n<div class=\"wp-block-group alignfull has-global-padding is-layout-constrained wp-container-core-group-is-layout-19e250f3 wp-block-group-is-layout-constrained\">\n<div class=\"wp-block-columns alignfull are-vertically-aligned-center has-light-background-background-color has-background is-layout-flex wp-container-core-columns-is-layout-dd282781 wp-block-columns-is-layout-flex\" style=\"padding-top:0;padding-right:0;padding-bottom:0;padding-left:0\">\n<div class=\"wp-block-column is-vertically-aligned-center map-grayscale is-layout-flow wp-block-column-is-layout-flow\" style=\"flex-basis:50%\">\n<figure class=\"wp-block-gallery has-nested-images columns-default is-cropped wp-block-gallery-1 is-layout-flex wp-block-gallery-is-layout-flex\">\n<figure class=\"wp-block-image size-full is-style-default\"><img loading=\"lazy\" decoding=\"async\" width=\"843\" height=\"570\" data-id=\"45\" src=\"https:\/\/kopingshantverksforening.se\/wp-content\/uploads\/2024\/09\/karta.png\" alt=\"\" class=\"wp-image-45\" srcset=\"https:\/\/kopingshantverksforening.se\/wp-content\/uploads\/2024\/09\/karta.png 843w, https:\/\/kopingshantverksforening.se\/wp-content\/uploads\/2024\/09\/karta-300x203.png 300w\" sizes=\"auto, (max-width: 843px) 100vw, 843px\" \/><\/figure>\n<\/figure>\n<\/div>\n\n\n\n<div class=\"wp-block-column is-vertically-aligned-center is-layout-flow wp-block-column-is-layout-flow\" style=\"padding-top:var(--wp--preset--spacing--small);padding-right:var(--wp--preset--spacing--small);padding-bottom:var(--wp--preset--spacing--small);padding-left:2%;flex-basis:50%\">\n<h3 class=\"wp-block-heading has-large-font-size\">K\u00f6pings Fabriks- och Hantverksf\u00f6rening<\/h3>\n\n\n\n<p><\/p>\n\n\n\n<h3 class=\"wp-block-heading\"><strong>Adress<\/strong><\/h3>\n\n\n\n<p>Barnhemsgatan 7, K\u00f6ping<\/p>\n\n\n\n<h3 class=\"wp-block-heading\"><strong>Email<\/strong><\/h3>\n\n\n\n<p>info@kopingshantverksforening.se<\/p>\n\n\n\n<h3 class=\"wp-block-heading\"><strong>Telefon<\/strong><\/h3>\n\n\n\n<p>070-311 90 27<\/p>\n<\/div>\n<\/div>\n<\/div>\n\n\n\n<div class=\"wp-block-group has-global-padding is-layout-constrained wp-block-group-is-layout-constrained\">\n<div style=\"height:33px\" aria-hidden=\"true\" class=\"wp-block-spacer\"><\/div>\n\n\n\n<div style=\"height:45px\" aria-hidden=\"true\" class=\"wp-block-spacer\"><\/div>\n<\/div>\n\n\n\n<p><\/p>\n","protected":false},"excerpt":{"rendered":"<p>K\u00f6pings Fabriks- och Hantverksf\u00f6rening Adress Barnhemsgatan 7, K\u00f6ping Email info@kopingshantverksforening.se Telefon 070-311 90 27<\/p>\n","protected":false},"author":1,"featured_media":16,"parent":0,"menu_order":0,"comment_status":"closed","ping_status":"closed","template":"","meta":{"inspiro_hide_title":false,"footnotes":""},"class_list":["post-19","page","type-page","status-publish","has-post-thumbnail","hentry"],"_links":{"self":[{"href":"https:\/\/kopingshantverksforening.se\/index.php\/wp-json\/wp\/v2\/pages\/19","targetHints":{"allow":["GET"]}}],"collection":[{"href":"https:\/\/kopingshantverksforening.se\/index.php\/wp-json\/wp\/v2\/pages"}],"about":[{"href":"https:\/\/kopingshantverksforening.se\/index.php\/wp-json\/wp\/v2\/types\/page"}],"author":[{"embeddable":true,"href":"https:\/\/kopingshantverksforening.se\/index.php\/wp-json\/wp\/v2\/users\/1"}],"replies":[{"embeddable":true,"href":"https:\/\/kopingshantverksforening.se\/index.php\/wp-json\/wp\/v2\/comments?post=19"}],"version-history":[{"count":6,"href":"https:\/\/kopingshantverksforening.se\/index.php\/wp-json\/wp\/v2\/pages\/19\/revisions"}],"predecessor-version":[{"id":47,"href":"https:\/\/kopingshantverksforening.se\/index.php\/wp-json\/wp\/v2\/pages\/19\/revisions\/47"}],"wp:featuredmedia":[{"embeddable":true,"href":"https:\/\/kopingshantverksforening.se\/index.php\/wp-json\/wp\/v2\/media\/16"}],"wp:attachment":[{"href":"https:\/\/kopingshantverksforening.se\/index.php\/wp-json\/wp\/v2\/media?parent=19"}],"curies":[{"name":"wp","href":"https:\/\/api.w.org\/{rel}","templated":true}]}}